{"id":49,"date":"2022-04-27T14:59:00","date_gmt":"2022-04-27T12:59:00","guid":{"rendered":"https:\/\/www.squall.it\/test\/allastella\/?page_id=49"},"modified":"2023-02-24T12:00:59","modified_gmt":"2023-02-24T11:00:59","slug":"cocceria-alla-stella","status":"publish","type":"page","link":"https:\/\/www.allastella.it\/it\/","title":{"rendered":"Benvenuti"},"content":{"rendered":"\n<p class=\"has-drop-cap has-medium-font-size\">La Cocceria Alla Stella non \u00e8 una qualunque pizzeria: \u00e8 un luogo dove si respira l&#8217;atmosfera d&#8217;altri tempi, accolti da gentilezza, professionalit\u00e0 e competenza. <br>Che siate venuti in famiglia oppure tra amici, l&#8217;unica cosa che conta \u00e8 che la frenesia della vita sia lasciata alla porta. <br>Qui potrete assaporare la specialit\u00e0 della casa, il Coccio, con tutta la tranquillit\u00e0 di cui avrete bisogno, chiacchierando e lasciandovi trasportare dal suggestivo ambiente che vi circonda.<\/p>\n\n\n\n<p class=\"has-medium-font-size\">Ci penser\u00e0 la maestria di Maurizio a coccolare il vostro gusto e il vostro olfatto stupendovi con abbinamenti sorprendenti ma studiati minuziosamente per non lasciare nulla al caso.<\/p>\n\n\n\n<p class=\"has-text-align-center has-medium-font-size\">Se gi\u00e0 ci conoscete, siamo felici di rivedervi. Se \u00e8 la prima volta, ci far\u00e0 piacere accogliervi di nuovo.<\/p>\n\n\n\n<p class=\"has-text-align-center has-large-font-size\"><strong>Buon appetito nella Cocceria Alla Stella!<\/strong> <\/p>\n","protected":false},"excerpt":{"rendered":"<p>La Cocceria Alla Stella non \u00e8 una qualunque pizzeria: \u00e8 un luogo dove si respira l&#8217;atmosfera d&#8217;altri tempi, accolti da gentilezza, professionalit\u00e0 e competenza. Che siate venuti in famiglia oppure tra amici, l&#8217;unica cosa che conta \u00e8 che la frenesia della vita sia lasciata alla porta. Qui potrete assaporare la specialit\u00e0 della casa, il Coccio, &hellip; <\/p>\n<p class=\"link-more\"><a href=\"https:\/\/www.allastella.it\/it\/\" class=\"more-link\">Read More<span class=\"screen-reader-text\"> &#8220;Benvenuti&#8221;<\/span><\/a><\/p>\n","protected":false},"author":3,"featured_media":0,"parent":0,"menu_order":0,"comment_status":"closed","ping_status":"closed","template":"","meta":{"footnotes":""},"class_list":["post-49","page","type-page","status-publish","hentry"],"yoast_head":"<!-- This site is optimized with the Yoast SEO plugin v27.3 - https:\/\/yoast.com\/product\/yoast-seo-wordpress\/ -->\n<title>Benvenuti - Cocceria Alla Stella<\/title>\n<meta name=\"description\" content=\"Benvenuti nella Cocceria Alla Stella, un luogo dove potrete assaporare la specialit\u00e0 della casa, il Coccio.\" \/>\n<meta name=\"robots\" content=\"index, follow, max-snippet:-1, max-image-preview:large, max-video-preview:-1\" \/>\n<link rel=\"canonical\" href=\"https:\/\/www.allastella.it\/it\/\" \/>\n<meta property=\"og:locale\" content=\"it_IT\" \/>\n<meta property=\"og:type\" content=\"article\" \/>\n<meta property=\"og:title\" content=\"Benvenuti - Cocceria Alla Stella\" \/>\n<meta property=\"og:description\" content=\"Benvenuti nella Cocceria Alla Stella, un luogo dove potrete assaporare la specialit\u00e0 della casa, il Coccio.\" \/>\n<meta property=\"og:url\" content=\"https:\/\/www.allastella.it\/it\/\" \/>\n<meta property=\"og:site_name\" content=\"Cocceria Alla Stella\" \/>\n<meta property=\"article:publisher\" content=\"https:\/\/www.facebook.com\/cocceriaallastella\" \/>\n<meta property=\"article:modified_time\" content=\"2023-02-24T11:00:59+00:00\" \/>\n<meta name=\"twitter:card\" content=\"summary_large_image\" \/>\n<meta name=\"twitter:label1\" content=\"Tempo di lettura stimato\" \/>\n\t<meta name=\"twitter:data1\" content=\"1 minuto\" \/>\n<script type=\"application\/ld+json\" class=\"yoast-schema-graph\">{\"@context\":\"https:\\\/\\\/schema.org\",\"@graph\":[{\"@type\":\"WebPage\",\"@id\":\"https:\\\/\\\/www.allastella.it\\\/it\\\/\",\"url\":\"https:\\\/\\\/www.allastella.it\\\/it\\\/\",\"name\":\"Benvenuti - Cocceria Alla Stella\",\"isPartOf\":{\"@id\":\"https:\\\/\\\/www.allastella.it\\\/it\\\/#website\"},\"datePublished\":\"2022-04-27T12:59:00+00:00\",\"dateModified\":\"2023-02-24T11:00:59+00:00\",\"description\":\"Benvenuti nella Cocceria Alla Stella, un luogo dove potrete assaporare la specialit\u00e0 della casa, il Coccio.\",\"breadcrumb\":{\"@id\":\"https:\\\/\\\/www.allastella.it\\\/it\\\/#breadcrumb\"},\"inLanguage\":\"it-IT\",\"potentialAction\":[{\"@type\":\"ReadAction\",\"target\":[\"https:\\\/\\\/www.allastella.it\\\/it\\\/\"]}]},{\"@type\":\"BreadcrumbList\",\"@id\":\"https:\\\/\\\/www.allastella.it\\\/it\\\/#breadcrumb\",\"itemListElement\":[{\"@type\":\"ListItem\",\"position\":1,\"name\":\"Home\",\"item\":\"https:\\\/\\\/www.allastella.it\\\/it\\\/\"},{\"@type\":\"ListItem\",\"position\":2,\"name\":\"Benvenuti\"}]},{\"@type\":\"WebSite\",\"@id\":\"https:\\\/\\\/www.allastella.it\\\/it\\\/#website\",\"url\":\"https:\\\/\\\/www.allastella.it\\\/it\\\/\",\"name\":\"Cocceria Alla Stella\",\"description\":\"Non \u00e8 una pizza... \u00c8 un coccio!\",\"publisher\":{\"@id\":\"https:\\\/\\\/www.allastella.it\\\/it\\\/#organization\"},\"potentialAction\":[{\"@type\":\"SearchAction\",\"target\":{\"@type\":\"EntryPoint\",\"urlTemplate\":\"https:\\\/\\\/www.allastella.it\\\/it\\\/?s={search_term_string}\"},\"query-input\":{\"@type\":\"PropertyValueSpecification\",\"valueRequired\":true,\"valueName\":\"search_term_string\"}}],\"inLanguage\":\"it-IT\"},{\"@type\":\"Organization\",\"@id\":\"https:\\\/\\\/www.allastella.it\\\/it\\\/#organization\",\"name\":\"Cocceria \\\"Alla Stella\\\"\",\"alternateName\":\"Pizzeria Cocceria \\\"Alla Stella\\\"\",\"url\":\"https:\\\/\\\/www.allastella.it\\\/it\\\/\",\"logo\":{\"@type\":\"ImageObject\",\"inLanguage\":\"it-IT\",\"@id\":\"https:\\\/\\\/www.allastella.it\\\/it\\\/#\\\/schema\\\/logo\\\/image\\\/\",\"url\":\"https:\\\/\\\/www.allastella.it\\\/it\\\/wp-content\\\/uploads\\\/2022\\\/04\\\/cropped-Logo_Rivisto_Cocceria_512.jpg\",\"contentUrl\":\"https:\\\/\\\/www.allastella.it\\\/it\\\/wp-content\\\/uploads\\\/2022\\\/04\\\/cropped-Logo_Rivisto_Cocceria_512.jpg\",\"width\":512,\"height\":512,\"caption\":\"Cocceria \\\"Alla Stella\\\"\"},\"image\":{\"@id\":\"https:\\\/\\\/www.allastella.it\\\/it\\\/#\\\/schema\\\/logo\\\/image\\\/\"},\"sameAs\":[\"https:\\\/\\\/www.facebook.com\\\/cocceriaallastella\",\"https:\\\/\\\/www.instagram.com\\\/cocceriaallastella\\\/\"]}]}<\/script>\n<!-- \/ Yoast SEO plugin. -->","yoast_head_json":{"title":"Benvenuti - Cocceria Alla Stella","description":"Benvenuti nella Cocceria Alla Stella, un luogo dove potrete assaporare la specialit\u00e0 della casa, il Coccio.","robots":{"index":"index","follow":"follow","max-snippet":"max-snippet:-1","max-image-preview":"max-image-preview:large","max-video-preview":"max-video-preview:-1"},"canonical":"https:\/\/www.allastella.it\/it\/","og_locale":"it_IT","og_type":"article","og_title":"Benvenuti - Cocceria Alla Stella","og_description":"Benvenuti nella Cocceria Alla Stella, un luogo dove potrete assaporare la specialit\u00e0 della casa, il Coccio.","og_url":"https:\/\/www.allastella.it\/it\/","og_site_name":"Cocceria Alla Stella","article_publisher":"https:\/\/www.facebook.com\/cocceriaallastella","article_modified_time":"2023-02-24T11:00:59+00:00","twitter_card":"summary_large_image","twitter_misc":{"Tempo di lettura stimato":"1 minuto"},"schema":{"@context":"https:\/\/schema.org","@graph":[{"@type":"WebPage","@id":"https:\/\/www.allastella.it\/it\/","url":"https:\/\/www.allastella.it\/it\/","name":"Benvenuti - Cocceria Alla Stella","isPartOf":{"@id":"https:\/\/www.allastella.it\/it\/#website"},"datePublished":"2022-04-27T12:59:00+00:00","dateModified":"2023-02-24T11:00:59+00:00","description":"Benvenuti nella Cocceria Alla Stella, un luogo dove potrete assaporare la specialit\u00e0 della casa, il Coccio.","breadcrumb":{"@id":"https:\/\/www.allastella.it\/it\/#breadcrumb"},"inLanguage":"it-IT","potentialAction":[{"@type":"ReadAction","target":["https:\/\/www.allastella.it\/it\/"]}]},{"@type":"BreadcrumbList","@id":"https:\/\/www.allastella.it\/it\/#breadcrumb","itemListElement":[{"@type":"ListItem","position":1,"name":"Home","item":"https:\/\/www.allastella.it\/it\/"},{"@type":"ListItem","position":2,"name":"Benvenuti"}]},{"@type":"WebSite","@id":"https:\/\/www.allastella.it\/it\/#website","url":"https:\/\/www.allastella.it\/it\/","name":"Cocceria Alla Stella","description":"Non \u00e8 una pizza... \u00c8 un coccio!","publisher":{"@id":"https:\/\/www.allastella.it\/it\/#organization"},"potentialAction":[{"@type":"SearchAction","target":{"@type":"EntryPoint","urlTemplate":"https:\/\/www.allastella.it\/it\/?s={search_term_string}"},"query-input":{"@type":"PropertyValueSpecification","valueRequired":true,"valueName":"search_term_string"}}],"inLanguage":"it-IT"},{"@type":"Organization","@id":"https:\/\/www.allastella.it\/it\/#organization","name":"Cocceria \"Alla Stella\"","alternateName":"Pizzeria Cocceria \"Alla Stella\"","url":"https:\/\/www.allastella.it\/it\/","logo":{"@type":"ImageObject","inLanguage":"it-IT","@id":"https:\/\/www.allastella.it\/it\/#\/schema\/logo\/image\/","url":"https:\/\/www.allastella.it\/it\/wp-content\/uploads\/2022\/04\/cropped-Logo_Rivisto_Cocceria_512.jpg","contentUrl":"https:\/\/www.allastella.it\/it\/wp-content\/uploads\/2022\/04\/cropped-Logo_Rivisto_Cocceria_512.jpg","width":512,"height":512,"caption":"Cocceria \"Alla Stella\""},"image":{"@id":"https:\/\/www.allastella.it\/it\/#\/schema\/logo\/image\/"},"sameAs":["https:\/\/www.facebook.com\/cocceriaallastella","https:\/\/www.instagram.com\/cocceriaallastella\/"]}]}},"_links":{"self":[{"href":"https:\/\/www.allastella.it\/it\/wp-json\/wp\/v2\/pages\/49","targetHints":{"allow":["GET"]}}],"collection":[{"href":"https:\/\/www.allastella.it\/it\/wp-json\/wp\/v2\/pages"}],"about":[{"href":"https:\/\/www.allastella.it\/it\/wp-json\/wp\/v2\/types\/page"}],"author":[{"embeddable":true,"href":"https:\/\/www.allastella.it\/it\/wp-json\/wp\/v2\/users\/3"}],"replies":[{"embeddable":true,"href":"https:\/\/www.allastella.it\/it\/wp-json\/wp\/v2\/comments?post=49"}],"version-history":[{"count":12,"href":"https:\/\/www.allastella.it\/it\/wp-json\/wp\/v2\/pages\/49\/revisions"}],"predecessor-version":[{"id":521,"href":"https:\/\/www.allastella.it\/it\/wp-json\/wp\/v2\/pages\/49\/revisions\/521"}],"wp:attachment":[{"href":"https:\/\/www.allastella.it\/it\/wp-json\/wp\/v2\/media?parent=49"}],"curies":[{"name":"wp","href":"https:\/\/api.w.org\/{rel}","templated":true}]}}